{"id":15,"date":"2025-11-13T15:58:50","date_gmt":"2025-11-13T15:58:50","guid":{"rendered":"https:\/\/uberluisgr.rkinformatika.online\/?page_id=15"},"modified":"2025-11-14T09:49:01","modified_gmt":"2025-11-14T09:49:01","slug":"servicios","status":"publish","type":"page","link":"https:\/\/uberluisgr.com\/en\/servicios\/","title":{"rendered":"Services"},"content":{"rendered":"<div data-elementor-type=\"wp-page\" data-elementor-id=\"15\" class=\"elementor elementor-15\" data-elementor-post-type=\"page\">\n\t\t\t\t<div class=\"elementor-element elementor-element-27a13f4 e-flex e-con-boxed e-con e-parent\" data-id=\"27a13f4\" data-element_type=\"container\" data-e-type=\"container\" data-settings=\"{&quot;background_background&quot;:&quot;classic&quot;}\">\n\t\t\t\t\t<div class=\"e-con-inner\">\n\t\t\t\t<div class=\"elementor-element elementor-element-ec0078f animated-slow elementor-widget-tablet__width-initial elementor-invisible elementor-widget elementor-widget-heading\" data-id=\"ec0078f\" data-element_type=\"widget\" data-e-type=\"widget\" data-settings=\"{&quot;_animation&quot;:&quot;fadeInRight&quot;}\" data-widget_type=\"heading.default\">\n\t\t\t\t\t<h2 class=\"elementor-heading-title elementor-size-default\">Traslados c\u00f3modos dentro y fuera de Madrid.<\/h2>\t\t\t\t<\/div>\n\t\t\t\t\t<\/div>\n\t\t\t\t<\/div>\n\t\t<div class=\"elementor-element elementor-element-13c8e0e e-flex e-con-boxed e-con e-parent\" data-id=\"13c8e0e\" data-element_type=\"container\" data-e-type=\"container\">\n\t\t\t\t\t<div class=\"e-con-inner\">\n\t\t\t\t<div class=\"elementor-element elementor-element-4313038 elementor-widget elementor-widget-heading\" data-id=\"4313038\" data-element_type=\"widget\" data-e-type=\"widget\" data-widget_type=\"heading.default\">\n\t\t\t\t\t<h2 class=\"elementor-heading-title elementor-size-default\">SERVICIOS<\/h2>\t\t\t\t<\/div>\n\t\t\t\t\t<\/div>\n\t\t\t\t<\/div>\n\t\t<div class=\"elementor-element elementor-element-3adf07b e-flex e-con-boxed e-con e-parent\" data-id=\"3adf07b\" data-element_type=\"container\" data-e-type=\"container\">\n\t\t\t\t\t<div class=\"e-con-inner\">\n\t\t<div class=\"elementor-element elementor-element-f42c57d e-con-full e-flex e-con e-child\" data-id=\"f42c57d\" data-element_type=\"container\" data-e-type=\"container\">\n\t\t\t\t<div class=\"elementor-element elementor-element-71c2b10 elementor-widget elementor-widget-image-box\" data-id=\"71c2b10\" data-element_type=\"widget\" data-e-type=\"widget\" data-widget_type=\"image-box.default\">\n\t\t\t\t\t<div class=\"elementor-image-box-wrapper\"><div class=\"elementor-image-box-content\"><h3 class=\"elementor-image-box-title\">beneficios<\/h3><p class=\"elementor-image-box-description\">* Traslados a aeropuertos sin estr\u00e9s. <br>\n* Viajes interurbanos c\u00f3modos y personalizados. <br> \n* Rutas adaptadas a tus necesidades y horarios. <br> \n* Disponibilidad flexible. <\/p><\/div><\/div>\t\t\t\t<\/div>\n\t\t\t\t<\/div>\n\t\t<div class=\"elementor-element elementor-element-078e1a1 e-con-full e-flex e-con e-child\" data-id=\"078e1a1\" data-element_type=\"container\" data-e-type=\"container\">\n\t\t\t\t<div class=\"elementor-element elementor-element-6760aaf elementor-widget elementor-widget-image\" data-id=\"6760aaf\" data-element_type=\"widget\" data-e-type=\"widget\" data-widget_type=\"image.default\">\n\t\t\t\t\t\t\t\t\t\t\t\t\t\t\t<img fetchpriority=\"high\" decoding=\"async\" width=\"2560\" height=\"1703\" src=\"https:\/\/uberluisgr.com\/wp-content\/uploads\/2025\/11\/driver-dressed-elegant-costume-scaled.jpg\" class=\"attachment-full size-full wp-image-190\" alt=\"\" srcset=\"https:\/\/uberluisgr.com\/wp-content\/uploads\/2025\/11\/driver-dressed-elegant-costume-scaled.jpg 2560w, https:\/\/uberluisgr.com\/wp-content\/uploads\/2025\/11\/driver-dressed-elegant-costume-300x200.jpg 300w, https:\/\/uberluisgr.com\/wp-content\/uploads\/2025\/11\/driver-dressed-elegant-costume-1024x681.jpg 1024w, https:\/\/uberluisgr.com\/wp-content\/uploads\/2025\/11\/driver-dressed-elegant-costume-768x511.jpg 768w, https:\/\/uberluisgr.com\/wp-content\/uploads\/2025\/11\/driver-dressed-elegant-costume-1536x1022.jpg 1536w, https:\/\/uberluisgr.com\/wp-content\/uploads\/2025\/11\/driver-dressed-elegant-costume-2048x1363.jpg 2048w, https:\/\/uberluisgr.com\/wp-content\/uploads\/2025\/11\/driver-dressed-elegant-costume-18x12.jpg 18w\" sizes=\"(max-width: 2560px) 100vw, 2560px\" \/>\t\t\t\t\t\t\t\t\t\t\t\t\t\t\t<\/div>\n\t\t\t\t<\/div>\n\t\t\t\t\t<\/div>\n\t\t\t\t<\/div>\n\t\t<div class=\"elementor-element elementor-element-4085d36 e-flex e-con-boxed e-con e-parent\" data-id=\"4085d36\" data-element_type=\"container\" data-e-type=\"container\">\n\t\t\t\t\t<div class=\"e-con-inner\">\n\t\t<div class=\"elementor-element elementor-element-bf44d2c e-con-full e-flex e-con e-child\" data-id=\"bf44d2c\" data-element_type=\"container\" data-e-type=\"container\">\n\t\t\t\t<div class=\"elementor-element elementor-element-fe94f88 elementor-widget elementor-widget-image\" data-id=\"fe94f88\" data-element_type=\"widget\" data-e-type=\"widget\" data-widget_type=\"image.default\">\n\t\t\t\t\t\t\t\t\t\t\t\t\t\t\t<img decoding=\"async\" width=\"7990\" height=\"5327\" src=\"https:\/\/uberluisgr.com\/wp-content\/uploads\/2025\/11\/elegant-uber-driver-giving-taxi-ride.jpg\" class=\"attachment-full size-full wp-image-194\" alt=\"\" srcset=\"https:\/\/uberluisgr.com\/wp-content\/uploads\/2025\/11\/elegant-uber-driver-giving-taxi-ride.jpg 7990w, https:\/\/uberluisgr.com\/wp-content\/uploads\/2025\/11\/elegant-uber-driver-giving-taxi-ride-300x200.jpg 300w, https:\/\/uberluisgr.com\/wp-content\/uploads\/2025\/11\/elegant-uber-driver-giving-taxi-ride-1024x683.jpg 1024w, https:\/\/uberluisgr.com\/wp-content\/uploads\/2025\/11\/elegant-uber-driver-giving-taxi-ride-768x512.jpg 768w, https:\/\/uberluisgr.com\/wp-content\/uploads\/2025\/11\/elegant-uber-driver-giving-taxi-ride-1536x1024.jpg 1536w, https:\/\/uberluisgr.com\/wp-content\/uploads\/2025\/11\/elegant-uber-driver-giving-taxi-ride-18x12.jpg 18w\" sizes=\"(max-width: 7990px) 100vw, 7990px\" \/>\t\t\t\t\t\t\t\t\t\t\t\t\t\t\t<\/div>\n\t\t\t\t<\/div>\n\t\t<div class=\"elementor-element elementor-element-cebbb31 e-con-full e-flex e-con e-child\" data-id=\"cebbb31\" data-element_type=\"container\" data-e-type=\"container\">\n\t\t\t\t<div class=\"elementor-element elementor-element-7479d28 elementor-widget elementor-widget-image-box\" data-id=\"7479d28\" data-element_type=\"widget\" data-e-type=\"widget\" data-widget_type=\"image-box.default\">\n\t\t\t\t\t<div class=\"elementor-image-box-wrapper\"><div class=\"elementor-image-box-content\"><h3 class=\"elementor-image-box-title\">Lo que marca la diferencia<\/h3><p class=\"elementor-image-box-description\">* Puntualidad garantizada. <br> \n* Confort y limpieza en cada viaje. <br> \n* Trato cercano y profesional. <br> \n* Disponible para viajes dentro y fuera de Madrid. <br> \n* Conductor con experiencia en Uber, Bolt y Cabify. <\/p><\/div><\/div>\t\t\t\t<\/div>\n\t\t\t\t<\/div>\n\t\t\t\t\t<\/div>\n\t\t\t\t<\/div>\n\t\t<div class=\"elementor-element elementor-element-5f46bfa e-flex e-con-boxed e-con e-parent\" data-id=\"5f46bfa\" data-element_type=\"container\" data-e-type=\"container\" data-settings=\"{&quot;background_background&quot;:&quot;classic&quot;}\">\n\t\t\t\t\t<div class=\"e-con-inner\">\n\t\t<div class=\"elementor-element elementor-element-870ab37 e-con-full e-flex e-con e-child\" data-id=\"870ab37\" data-element_type=\"container\" data-e-type=\"container\">\n\t\t\t\t<div class=\"elementor-element elementor-element-ee813c6 elementor-widget elementor-widget-heading\" data-id=\"ee813c6\" data-element_type=\"widget\" data-e-type=\"widget\" data-widget_type=\"heading.default\">\n\t\t\t\t\t<h2 class=\"elementor-heading-title elementor-size-default\">\u00bfA d\u00f3nde te llevo?<\/h2>\t\t\t\t<\/div>\n\t\t\t\t<div class=\"elementor-element elementor-element-58ae846 elementor-align-center elementor-widget elementor-widget-button\" data-id=\"58ae846\" data-element_type=\"widget\" data-e-type=\"widget\" data-widget_type=\"button.default\">\n\t\t\t\t\t\t\t\t\t\t<a class=\"elementor-button elementor-button-link elementor-size-sm\" href=\"tel:%20651%20552%20292\">\n\t\t\t\t\t\t<span class=\"elementor-button-content-wrapper\">\n\t\t\t\t\t\t\t\t\t<span class=\"elementor-button-text\">Call Me<\/span>\n\t\t\t\t\t<\/span>\n\t\t\t\t\t<\/a>\n\t\t\t\t\t\t\t\t<\/div>\n\t\t\t\t<\/div>\n\t\t\t\t\t<\/div>\n\t\t\t\t<\/div>\n\t\t\t\t<\/div>","protected":false},"excerpt":{"rendered":"<p>Traslados c\u00f3modos dentro y fuera de Madrid. SERVICIOS beneficios * Traslados a aeropuertos sin estr\u00e9s. * Viajes interurbanos c\u00f3modos y personalizados. * Rutas adaptadas a tus necesidades y horarios. * Disponibilidad flexible. Lo que marca la diferencia * Puntualidad garantizada. * Confort y limpieza en cada viaje. * Trato cercano y profesional. * Disponible para [&hellip;]<\/p>\n","protected":false},"author":1,"featured_media":0,"parent":0,"menu_order":0,"comment_status":"closed","ping_status":"closed","template":"elementor_canvas","meta":{"footnotes":""},"class_list":["post-15","page","type-page","status-publish","hentry"],"yoast_head":"<!-- This site is optimized with the Yoast SEO plugin v27.3 - https:\/\/yoast.com\/product\/yoast-seo-wordpress\/ -->\n<title>Servicios - Uber Luis GR<\/title>\n<meta name=\"robots\" content=\"index, follow, max-snippet:-1, max-image-preview:large, max-video-preview:-1\" \/>\n<link rel=\"canonical\" href=\"https:\/\/uberluisgr.com\/en\/servicios\/\" \/>\n<meta property=\"og:locale\" content=\"en_US\" \/>\n<meta property=\"og:type\" content=\"article\" \/>\n<meta property=\"og:title\" content=\"Servicios - Uber Luis GR\" \/>\n<meta property=\"og:description\" content=\"Traslados c\u00f3modos dentro y fuera de Madrid. SERVICIOS beneficios * Traslados a aeropuertos sin estr\u00e9s. * Viajes interurbanos c\u00f3modos y personalizados. * Rutas adaptadas a tus necesidades y horarios. * Disponibilidad flexible. Lo que marca la diferencia * Puntualidad garantizada. * Confort y limpieza en cada viaje. * Trato cercano y profesional. * Disponible para [&hellip;]\" \/>\n<meta property=\"og:url\" content=\"https:\/\/uberluisgr.com\/en\/servicios\/\" \/>\n<meta property=\"og:site_name\" content=\"Uber Luis GR\" \/>\n<meta property=\"article:modified_time\" content=\"2025-11-14T09:49:01+00:00\" \/>\n<meta property=\"og:image\" content=\"https:\/\/uberluisgr.com\/wp-content\/uploads\/2025\/11\/driver-dressed-elegant-costume-scaled.jpg\" \/>\n<meta name=\"twitter:card\" content=\"summary_large_image\" \/>\n<meta name=\"twitter:label1\" content=\"Est. reading time\" \/>\n\t<meta name=\"twitter:data1\" content=\"1 minute\" \/>\n<script type=\"application\/ld+json\" class=\"yoast-schema-graph\">{\"@context\":\"https:\\\/\\\/schema.org\",\"@graph\":[{\"@type\":\"WebPage\",\"@id\":\"https:\\\/\\\/uberluisgr.com\\\/servicios\\\/\",\"url\":\"https:\\\/\\\/uberluisgr.com\\\/servicios\\\/\",\"name\":\"Servicios - Uber Luis GR\",\"isPartOf\":{\"@id\":\"https:\\\/\\\/uberluisgr.com\\\/#website\"},\"primaryImageOfPage\":{\"@id\":\"https:\\\/\\\/uberluisgr.com\\\/servicios\\\/#primaryimage\"},\"image\":{\"@id\":\"https:\\\/\\\/uberluisgr.com\\\/servicios\\\/#primaryimage\"},\"thumbnailUrl\":\"https:\\\/\\\/uberluisgr.com\\\/wp-content\\\/uploads\\\/2025\\\/11\\\/driver-dressed-elegant-costume-scaled.jpg\",\"datePublished\":\"2025-11-13T15:58:50+00:00\",\"dateModified\":\"2025-11-14T09:49:01+00:00\",\"breadcrumb\":{\"@id\":\"https:\\\/\\\/uberluisgr.com\\\/servicios\\\/#breadcrumb\"},\"inLanguage\":\"en-US\",\"potentialAction\":[{\"@type\":\"ReadAction\",\"target\":[\"https:\\\/\\\/uberluisgr.com\\\/servicios\\\/\"]}]},{\"@type\":\"ImageObject\",\"inLanguage\":\"en-US\",\"@id\":\"https:\\\/\\\/uberluisgr.com\\\/servicios\\\/#primaryimage\",\"url\":\"https:\\\/\\\/uberluisgr.com\\\/wp-content\\\/uploads\\\/2025\\\/11\\\/driver-dressed-elegant-costume-scaled.jpg\",\"contentUrl\":\"https:\\\/\\\/uberluisgr.com\\\/wp-content\\\/uploads\\\/2025\\\/11\\\/driver-dressed-elegant-costume-scaled.jpg\"},{\"@type\":\"BreadcrumbList\",\"@id\":\"https:\\\/\\\/uberluisgr.com\\\/servicios\\\/#breadcrumb\",\"itemListElement\":[{\"@type\":\"ListItem\",\"position\":1,\"name\":\"Portada\",\"item\":\"https:\\\/\\\/uberluisgr.com\\\/\"},{\"@type\":\"ListItem\",\"position\":2,\"name\":\"Servicios\"}]},{\"@type\":\"WebSite\",\"@id\":\"https:\\\/\\\/uberluisgr.com\\\/#website\",\"url\":\"https:\\\/\\\/uberluisgr.com\\\/\",\"name\":\"Uber Luis GR\",\"description\":\"Viajes dentro y fuera de Madrid. Llama al 651 552 292\",\"publisher\":{\"@id\":\"https:\\\/\\\/uberluisgr.com\\\/#organization\"},\"potentialAction\":[{\"@type\":\"SearchAction\",\"target\":{\"@type\":\"EntryPoint\",\"urlTemplate\":\"https:\\\/\\\/uberluisgr.com\\\/?s={search_term_string}\"},\"query-input\":{\"@type\":\"PropertyValueSpecification\",\"valueRequired\":true,\"valueName\":\"search_term_string\"}}],\"inLanguage\":\"en-US\"},{\"@type\":\"Organization\",\"@id\":\"https:\\\/\\\/uberluisgr.com\\\/#organization\",\"name\":\"Uber Luis GR\",\"url\":\"https:\\\/\\\/uberluisgr.com\\\/\",\"logo\":{\"@type\":\"ImageObject\",\"inLanguage\":\"en-US\",\"@id\":\"https:\\\/\\\/uberluisgr.com\\\/#\\\/schema\\\/logo\\\/image\\\/\",\"url\":\"https:\\\/\\\/uberluisgr.com\\\/wp-content\\\/uploads\\\/2025\\\/11\\\/cropped-luisguanotaxi202510_logo_web.png\",\"contentUrl\":\"https:\\\/\\\/uberluisgr.com\\\/wp-content\\\/uploads\\\/2025\\\/11\\\/cropped-luisguanotaxi202510_logo_web.png\",\"width\":1080,\"height\":346,\"caption\":\"Uber Luis GR\"},\"image\":{\"@id\":\"https:\\\/\\\/uberluisgr.com\\\/#\\\/schema\\\/logo\\\/image\\\/\"}}]}<\/script>\n<!-- \/ Yoast SEO plugin. -->","yoast_head_json":{"title":"Servicios - Uber Luis GR","robots":{"index":"index","follow":"follow","max-snippet":"max-snippet:-1","max-image-preview":"max-image-preview:large","max-video-preview":"max-video-preview:-1"},"canonical":"https:\/\/uberluisgr.com\/en\/servicios\/","og_locale":"en_US","og_type":"article","og_title":"Servicios - Uber Luis GR","og_description":"Traslados c\u00f3modos dentro y fuera de Madrid. SERVICIOS beneficios * Traslados a aeropuertos sin estr\u00e9s. * Viajes interurbanos c\u00f3modos y personalizados. * Rutas adaptadas a tus necesidades y horarios. * Disponibilidad flexible. Lo que marca la diferencia * Puntualidad garantizada. * Confort y limpieza en cada viaje. * Trato cercano y profesional. * Disponible para [&hellip;]","og_url":"https:\/\/uberluisgr.com\/en\/servicios\/","og_site_name":"Uber Luis GR","article_modified_time":"2025-11-14T09:49:01+00:00","og_image":[{"url":"https:\/\/uberluisgr.com\/wp-content\/uploads\/2025\/11\/driver-dressed-elegant-costume-scaled.jpg","type":"","width":"","height":""}],"twitter_card":"summary_large_image","twitter_misc":{"Est. reading time":"1 minute"},"schema":{"@context":"https:\/\/schema.org","@graph":[{"@type":"WebPage","@id":"https:\/\/uberluisgr.com\/servicios\/","url":"https:\/\/uberluisgr.com\/servicios\/","name":"Servicios - Uber Luis GR","isPartOf":{"@id":"https:\/\/uberluisgr.com\/#website"},"primaryImageOfPage":{"@id":"https:\/\/uberluisgr.com\/servicios\/#primaryimage"},"image":{"@id":"https:\/\/uberluisgr.com\/servicios\/#primaryimage"},"thumbnailUrl":"https:\/\/uberluisgr.com\/wp-content\/uploads\/2025\/11\/driver-dressed-elegant-costume-scaled.jpg","datePublished":"2025-11-13T15:58:50+00:00","dateModified":"2025-11-14T09:49:01+00:00","breadcrumb":{"@id":"https:\/\/uberluisgr.com\/servicios\/#breadcrumb"},"inLanguage":"en-US","potentialAction":[{"@type":"ReadAction","target":["https:\/\/uberluisgr.com\/servicios\/"]}]},{"@type":"ImageObject","inLanguage":"en-US","@id":"https:\/\/uberluisgr.com\/servicios\/#primaryimage","url":"https:\/\/uberluisgr.com\/wp-content\/uploads\/2025\/11\/driver-dressed-elegant-costume-scaled.jpg","contentUrl":"https:\/\/uberluisgr.com\/wp-content\/uploads\/2025\/11\/driver-dressed-elegant-costume-scaled.jpg"},{"@type":"BreadcrumbList","@id":"https:\/\/uberluisgr.com\/servicios\/#breadcrumb","itemListElement":[{"@type":"ListItem","position":1,"name":"Portada","item":"https:\/\/uberluisgr.com\/"},{"@type":"ListItem","position":2,"name":"Servicios"}]},{"@type":"WebSite","@id":"https:\/\/uberluisgr.com\/#website","url":"https:\/\/uberluisgr.com\/","name":"Uber Luis GR","description":"Viajes dentro y fuera de Madrid. Llama al 651 552 292","publisher":{"@id":"https:\/\/uberluisgr.com\/#organization"},"potentialAction":[{"@type":"SearchAction","target":{"@type":"EntryPoint","urlTemplate":"https:\/\/uberluisgr.com\/?s={search_term_string}"},"query-input":{"@type":"PropertyValueSpecification","valueRequired":true,"valueName":"search_term_string"}}],"inLanguage":"en-US"},{"@type":"Organization","@id":"https:\/\/uberluisgr.com\/#organization","name":"Uber Luis GR","url":"https:\/\/uberluisgr.com\/","logo":{"@type":"ImageObject","inLanguage":"en-US","@id":"https:\/\/uberluisgr.com\/#\/schema\/logo\/image\/","url":"https:\/\/uberluisgr.com\/wp-content\/uploads\/2025\/11\/cropped-luisguanotaxi202510_logo_web.png","contentUrl":"https:\/\/uberluisgr.com\/wp-content\/uploads\/2025\/11\/cropped-luisguanotaxi202510_logo_web.png","width":1080,"height":346,"caption":"Uber Luis GR"},"image":{"@id":"https:\/\/uberluisgr.com\/#\/schema\/logo\/image\/"}}]}},"_links":{"self":[{"href":"https:\/\/uberluisgr.com\/en\/wp-json\/wp\/v2\/pages\/15","targetHints":{"allow":["GET"]}}],"collection":[{"href":"https:\/\/uberluisgr.com\/en\/wp-json\/wp\/v2\/pages"}],"about":[{"href":"https:\/\/uberluisgr.com\/en\/wp-json\/wp\/v2\/types\/page"}],"author":[{"embeddable":true,"href":"https:\/\/uberluisgr.com\/en\/wp-json\/wp\/v2\/users\/1"}],"replies":[{"embeddable":true,"href":"https:\/\/uberluisgr.com\/en\/wp-json\/wp\/v2\/comments?post=15"}],"version-history":[{"count":70,"href":"https:\/\/uberluisgr.com\/en\/wp-json\/wp\/v2\/pages\/15\/revisions"}],"predecessor-version":[{"id":231,"href":"https:\/\/uberluisgr.com\/en\/wp-json\/wp\/v2\/pages\/15\/revisions\/231"}],"wp:attachment":[{"href":"https:\/\/uberluisgr.com\/en\/wp-json\/wp\/v2\/media?parent=15"}],"curies":[{"name":"wp","href":"https:\/\/api.w.org\/{rel}","templated":true}]}}