{"id":12,"date":"2025-11-05T17:45:20","date_gmt":"2025-11-05T17:45:20","guid":{"rendered":"https:\/\/uberluisgr.rkinformatika.online\/?page_id=12"},"modified":"2025-11-13T16:31:45","modified_gmt":"2025-11-13T16:31:45","slug":"inicio","status":"publish","type":"page","link":"https:\/\/uberluisgr.com\/en\/","title":{"rendered":"Start"},"content":{"rendered":"<div data-elementor-type=\"wp-page\" data-elementor-id=\"12\" class=\"elementor elementor-12\" data-elementor-post-type=\"page\">\n\t\t\t\t<div class=\"elementor-element elementor-element-d2db9af e-flex e-con-boxed e-con e-parent\" data-id=\"d2db9af\" data-element_type=\"container\" data-e-type=\"container\" data-settings=\"{&quot;background_background&quot;:&quot;classic&quot;}\">\n\t\t\t\t\t<div class=\"e-con-inner\">\n\t\t\t\t<div class=\"elementor-element elementor-element-bd2f4c6 animated-slow elementor-invisible elementor-widget elementor-widget-heading\" data-id=\"bd2f4c6\" data-element_type=\"widget\" data-e-type=\"widget\" data-settings=\"{&quot;_animation&quot;:&quot;fadeInRight&quot;}\" data-widget_type=\"heading.default\">\n\t\t\t\t\t<h2 class=\"elementor-heading-title elementor-size-default\">Efrain G Rea<\/h2>\t\t\t\t<\/div>\n\t\t\t\t<div class=\"elementor-element elementor-element-2107549 animated-slow elementor-invisible elementor-widget elementor-widget-heading\" data-id=\"2107549\" data-element_type=\"widget\" data-e-type=\"widget\" data-settings=\"{&quot;_animation&quot;:&quot;fadeInRight&quot;}\" data-widget_type=\"heading.default\">\n\t\t\t\t\t<h2 class=\"elementor-heading-title elementor-size-default\">Your trip, safe and on time. Every time.<\/h2>\t\t\t\t<\/div>\n\t\t\t\t\t<\/div>\n\t\t\t\t<\/div>\n\t\t<div class=\"elementor-element elementor-element-87fcdd8 e-flex e-con-boxed e-con e-parent\" data-id=\"87fcdd8\" data-element_type=\"container\" data-e-type=\"container\">\n\t\t\t\t\t<div class=\"e-con-inner\">\n\t\t\t\t<div class=\"elementor-element elementor-element-fd9a893 elementor-widget elementor-widget-heading\" data-id=\"fd9a893\" data-element_type=\"widget\" data-e-type=\"widget\" data-widget_type=\"heading.default\">\n\t\t\t\t\t<h2 class=\"elementor-heading-title elementor-size-default\">Mi History<\/h2>\t\t\t\t<\/div>\n\t\t\t\t\t<\/div>\n\t\t\t\t<\/div>\n\t\t<div class=\"elementor-element elementor-element-4cdced6 e-flex e-con-boxed e-con e-parent\" data-id=\"4cdced6\" data-element_type=\"container\" data-e-type=\"container\">\n\t\t\t\t\t<div class=\"e-con-inner\">\n\t\t<div class=\"elementor-element elementor-element-35d349e e-con-full e-flex e-con e-child\" data-id=\"35d349e\" data-element_type=\"container\" data-e-type=\"container\">\n\t\t\t\t<div class=\"elementor-element elementor-element-4dea586 elementor-widget elementor-widget-text-editor\" data-id=\"4dea586\" data-element_type=\"widget\" data-e-type=\"widget\" data-widget_type=\"text-editor.default\">\n\t\t\t\t\t\t\t\t\t<p data-start=\"137\" data-end=\"464\">Efra\u00edn G. Rea was founded with a clear idea: to offer a comfortable, safe, and punctual ride-hailing service for those who need to get around Madrid and its surrounding areas. From day one, I have worked with the leading apps in the sector\u2014Uber, Bolt, and Cabify\u2014to guarantee professional service and a reliable travel experience.<\/p><p data-start=\"466\" data-end=\"746\">Over time, I've expanded my services to cover both transfers within the city and trips outside Madrid, adapting to each client's needs. My commitment is simple: to make every journey a pleasant, efficient, and high-quality experience.<\/p>\t\t\t\t\t\t\t\t<\/div>\n\t\t\t\t<\/div>\n\t\t<div class=\"elementor-element elementor-element-b809058 e-con-full e-flex e-con e-child\" data-id=\"b809058\" data-element_type=\"container\" data-e-type=\"container\">\n\t\t\t\t<div class=\"elementor-element elementor-element-c7c4a26 elementor-widget elementor-widget-image\" data-id=\"c7c4a26\" data-element_type=\"widget\" data-e-type=\"widget\" data-widget_type=\"image.default\">\n\t\t\t\t\t\t\t\t\t\t\t\t\t\t\t<img fetchpriority=\"high\" decoding=\"async\" width=\"2560\" height=\"1707\" src=\"https:\/\/uberluisgr.com\/wp-content\/uploads\/2025\/11\/person-using-ride-sharing-app-mobile-phone-scaled.jpg\" class=\"attachment-full size-full wp-image-123\" alt=\"\" srcset=\"https:\/\/uberluisgr.com\/wp-content\/uploads\/2025\/11\/person-using-ride-sharing-app-mobile-phone-scaled.jpg 2560w, https:\/\/uberluisgr.com\/wp-content\/uploads\/2025\/11\/person-using-ride-sharing-app-mobile-phone-300x200.jpg 300w, https:\/\/uberluisgr.com\/wp-content\/uploads\/2025\/11\/person-using-ride-sharing-app-mobile-phone-1024x683.jpg 1024w, https:\/\/uberluisgr.com\/wp-content\/uploads\/2025\/11\/person-using-ride-sharing-app-mobile-phone-768x512.jpg 768w, https:\/\/uberluisgr.com\/wp-content\/uploads\/2025\/11\/person-using-ride-sharing-app-mobile-phone-1536x1024.jpg 1536w, https:\/\/uberluisgr.com\/wp-content\/uploads\/2025\/11\/person-using-ride-sharing-app-mobile-phone-2048x1365.jpg 2048w, https:\/\/uberluisgr.com\/wp-content\/uploads\/2025\/11\/person-using-ride-sharing-app-mobile-phone-18x12.jpg 18w\" sizes=\"(max-width: 2560px) 100vw, 2560px\" \/>\t\t\t\t\t\t\t\t\t\t\t\t\t\t\t<\/div>\n\t\t\t\t<\/div>\n\t\t\t\t\t<\/div>\n\t\t\t\t<\/div>\n\t\t<div class=\"elementor-element elementor-element-1a608d7 e-flex e-con-boxed e-con e-parent\" data-id=\"1a608d7\" data-element_type=\"container\" data-e-type=\"container\" data-settings=\"{&quot;background_background&quot;:&quot;classic&quot;}\">\n\t\t\t\t\t<div class=\"e-con-inner\">\n\t\t<div class=\"elementor-element elementor-element-518fe42 e-con-full e-flex e-con e-child\" data-id=\"518fe42\" data-element_type=\"container\" data-e-type=\"container\">\n\t\t\t\t<div class=\"elementor-element elementor-element-c6cbe11 elementor-widget elementor-widget-heading\" data-id=\"c6cbe11\" data-element_type=\"widget\" data-e-type=\"widget\" data-widget_type=\"heading.default\">\n\t\t\t\t\t<h2 class=\"elementor-heading-title elementor-size-default\">\u201cMy priority is that your journey is comfortable, safe, and worry-free. I have years of experience working with Uber, Bolt, and Cabify, and I know Madrid and the fastest routes perfectly.\u201d<\/h2>\t\t\t\t<\/div>\n\t\t\t\t<div class=\"elementor-element elementor-element-d445548 elementor-align-center elementor-widget elementor-widget-button\" data-id=\"d445548\" data-element_type=\"widget\" data-e-type=\"widget\" data-widget_type=\"button.default\">\n\t\t\t\t\t\t\t\t\t\t<a class=\"elementor-button elementor-button-link elementor-size-sm\" href=\"tel:%20651%20552%20292\">\n\t\t\t\t\t\t<span class=\"elementor-button-content-wrapper\">\n\t\t\t\t\t\t\t\t\t<span class=\"elementor-button-text\">Call Me<\/span>\n\t\t\t\t\t<\/span>\n\t\t\t\t\t<\/a>\n\t\t\t\t\t\t\t\t<\/div>\n\t\t\t\t<\/div>\n\t\t\t\t\t<\/div>\n\t\t\t\t<\/div>\n\t\t\t\t<\/div>","protected":false},"excerpt":{"rendered":"<p>Efrain G Rea Tu viaje, seguro y puntual. Siempre. Mi Historia Efra\u00edn G. Rea naci\u00f3 con una idea clara: ofrecer un servicio de VTC c\u00f3modo, seguro y puntual para quienes necesitan desplazarse por Madrid y alrededores. Desde el primer d\u00eda, he trabajado con las aplicaciones l\u00edderes del sector \u2014Uber, Bolt y Cabify\u2014 para garantizar una [&hellip;]<\/p>\n","protected":false},"author":1,"featured_media":0,"parent":0,"menu_order":0,"comment_status":"closed","ping_status":"closed","template":"elementor_canvas","meta":{"footnotes":""},"class_list":["post-12","page","type-page","status-publish","hentry"],"yoast_head":"<!-- This site is optimized with the Yoast SEO plugin v27.3 - https:\/\/yoast.com\/product\/yoast-seo-wordpress\/ -->\n<title>Inicio - Uber Luis GR<\/title>\n<meta name=\"robots\" content=\"index, follow, max-snippet:-1, max-image-preview:large, max-video-preview:-1\" \/>\n<link rel=\"canonical\" href=\"https:\/\/uberluisgr.com\/en\/\" \/>\n<meta property=\"og:locale\" content=\"en_US\" \/>\n<meta property=\"og:type\" content=\"article\" \/>\n<meta property=\"og:title\" content=\"Inicio - Uber Luis GR\" \/>\n<meta property=\"og:description\" content=\"Efrain G Rea Tu viaje, seguro y puntual. Siempre. Mi Historia Efra\u00edn G. Rea naci\u00f3 con una idea clara: ofrecer un servicio de VTC c\u00f3modo, seguro y puntual para quienes necesitan desplazarse por Madrid y alrededores. Desde el primer d\u00eda, he trabajado con las aplicaciones l\u00edderes del sector \u2014Uber, Bolt y Cabify\u2014 para garantizar una [&hellip;]\" \/>\n<meta property=\"og:url\" content=\"https:\/\/uberluisgr.com\/en\/\" \/>\n<meta property=\"og:site_name\" content=\"Uber Luis GR\" \/>\n<meta property=\"article:modified_time\" content=\"2025-11-13T16:31:45+00:00\" \/>\n<meta property=\"og:image\" content=\"https:\/\/uberluisgr.com\/wp-content\/uploads\/2025\/11\/person-using-ride-sharing-app-mobile-phone-scaled.jpg\" \/>\n<meta name=\"twitter:card\" content=\"summary_large_image\" \/>\n<meta name=\"twitter:label1\" content=\"Est. reading time\" \/>\n\t<meta name=\"twitter:data1\" content=\"1 minute\" \/>\n<script type=\"application\/ld+json\" class=\"yoast-schema-graph\">{\"@context\":\"https:\\\/\\\/schema.org\",\"@graph\":[{\"@type\":\"WebPage\",\"@id\":\"https:\\\/\\\/uberluisgr.com\\\/\",\"url\":\"https:\\\/\\\/uberluisgr.com\\\/\",\"name\":\"Inicio - Uber Luis GR\",\"isPartOf\":{\"@id\":\"https:\\\/\\\/uberluisgr.com\\\/#website\"},\"primaryImageOfPage\":{\"@id\":\"https:\\\/\\\/uberluisgr.com\\\/#primaryimage\"},\"image\":{\"@id\":\"https:\\\/\\\/uberluisgr.com\\\/#primaryimage\"},\"thumbnailUrl\":\"https:\\\/\\\/uberluisgr.com\\\/wp-content\\\/uploads\\\/2025\\\/11\\\/person-using-ride-sharing-app-mobile-phone-scaled.jpg\",\"datePublished\":\"2025-11-05T17:45:20+00:00\",\"dateModified\":\"2025-11-13T16:31:45+00:00\",\"breadcrumb\":{\"@id\":\"https:\\\/\\\/uberluisgr.com\\\/#breadcrumb\"},\"inLanguage\":\"en-US\",\"potentialAction\":[{\"@type\":\"ReadAction\",\"target\":[\"https:\\\/\\\/uberluisgr.com\\\/\"]}]},{\"@type\":\"ImageObject\",\"inLanguage\":\"en-US\",\"@id\":\"https:\\\/\\\/uberluisgr.com\\\/#primaryimage\",\"url\":\"https:\\\/\\\/uberluisgr.com\\\/wp-content\\\/uploads\\\/2025\\\/11\\\/person-using-ride-sharing-app-mobile-phone-scaled.jpg\",\"contentUrl\":\"https:\\\/\\\/uberluisgr.com\\\/wp-content\\\/uploads\\\/2025\\\/11\\\/person-using-ride-sharing-app-mobile-phone-scaled.jpg\"},{\"@type\":\"BreadcrumbList\",\"@id\":\"https:\\\/\\\/uberluisgr.com\\\/#breadcrumb\",\"itemListElement\":[{\"@type\":\"ListItem\",\"position\":1,\"name\":\"Portada\",\"item\":\"https:\\\/\\\/uberluisgr.com\\\/\"},{\"@type\":\"ListItem\",\"position\":2,\"name\":\"Inicio\"}]},{\"@type\":\"WebSite\",\"@id\":\"https:\\\/\\\/uberluisgr.com\\\/#website\",\"url\":\"https:\\\/\\\/uberluisgr.com\\\/\",\"name\":\"Uber Luis GR\",\"description\":\"Viajes dentro y fuera de Madrid. Llama al 651 552 292\",\"publisher\":{\"@id\":\"https:\\\/\\\/uberluisgr.com\\\/#organization\"},\"potentialAction\":[{\"@type\":\"SearchAction\",\"target\":{\"@type\":\"EntryPoint\",\"urlTemplate\":\"https:\\\/\\\/uberluisgr.com\\\/?s={search_term_string}\"},\"query-input\":{\"@type\":\"PropertyValueSpecification\",\"valueRequired\":true,\"valueName\":\"search_term_string\"}}],\"inLanguage\":\"en-US\"},{\"@type\":\"Organization\",\"@id\":\"https:\\\/\\\/uberluisgr.com\\\/#organization\",\"name\":\"Uber Luis GR\",\"url\":\"https:\\\/\\\/uberluisgr.com\\\/\",\"logo\":{\"@type\":\"ImageObject\",\"inLanguage\":\"en-US\",\"@id\":\"https:\\\/\\\/uberluisgr.com\\\/#\\\/schema\\\/logo\\\/image\\\/\",\"url\":\"https:\\\/\\\/uberluisgr.com\\\/wp-content\\\/uploads\\\/2025\\\/11\\\/cropped-luisguanotaxi202510_logo_web.png\",\"contentUrl\":\"https:\\\/\\\/uberluisgr.com\\\/wp-content\\\/uploads\\\/2025\\\/11\\\/cropped-luisguanotaxi202510_logo_web.png\",\"width\":1080,\"height\":346,\"caption\":\"Uber Luis GR\"},\"image\":{\"@id\":\"https:\\\/\\\/uberluisgr.com\\\/#\\\/schema\\\/logo\\\/image\\\/\"}}]}<\/script>\n<!-- \/ Yoast SEO plugin. -->","yoast_head_json":{"title":"Inicio - Uber Luis GR","robots":{"index":"index","follow":"follow","max-snippet":"max-snippet:-1","max-image-preview":"max-image-preview:large","max-video-preview":"max-video-preview:-1"},"canonical":"https:\/\/uberluisgr.com\/en\/","og_locale":"en_US","og_type":"article","og_title":"Inicio - Uber Luis GR","og_description":"Efrain G Rea Tu viaje, seguro y puntual. Siempre. Mi Historia Efra\u00edn G. Rea naci\u00f3 con una idea clara: ofrecer un servicio de VTC c\u00f3modo, seguro y puntual para quienes necesitan desplazarse por Madrid y alrededores. Desde el primer d\u00eda, he trabajado con las aplicaciones l\u00edderes del sector \u2014Uber, Bolt y Cabify\u2014 para garantizar una [&hellip;]","og_url":"https:\/\/uberluisgr.com\/en\/","og_site_name":"Uber Luis GR","article_modified_time":"2025-11-13T16:31:45+00:00","og_image":[{"url":"https:\/\/uberluisgr.com\/wp-content\/uploads\/2025\/11\/person-using-ride-sharing-app-mobile-phone-scaled.jpg","type":"","width":"","height":""}],"twitter_card":"summary_large_image","twitter_misc":{"Est. reading time":"1 minute"},"schema":{"@context":"https:\/\/schema.org","@graph":[{"@type":"WebPage","@id":"https:\/\/uberluisgr.com\/","url":"https:\/\/uberluisgr.com\/","name":"Inicio - Uber Luis GR","isPartOf":{"@id":"https:\/\/uberluisgr.com\/#website"},"primaryImageOfPage":{"@id":"https:\/\/uberluisgr.com\/#primaryimage"},"image":{"@id":"https:\/\/uberluisgr.com\/#primaryimage"},"thumbnailUrl":"https:\/\/uberluisgr.com\/wp-content\/uploads\/2025\/11\/person-using-ride-sharing-app-mobile-phone-scaled.jpg","datePublished":"2025-11-05T17:45:20+00:00","dateModified":"2025-11-13T16:31:45+00:00","breadcrumb":{"@id":"https:\/\/uberluisgr.com\/#breadcrumb"},"inLanguage":"en-US","potentialAction":[{"@type":"ReadAction","target":["https:\/\/uberluisgr.com\/"]}]},{"@type":"ImageObject","inLanguage":"en-US","@id":"https:\/\/uberluisgr.com\/#primaryimage","url":"https:\/\/uberluisgr.com\/wp-content\/uploads\/2025\/11\/person-using-ride-sharing-app-mobile-phone-scaled.jpg","contentUrl":"https:\/\/uberluisgr.com\/wp-content\/uploads\/2025\/11\/person-using-ride-sharing-app-mobile-phone-scaled.jpg"},{"@type":"BreadcrumbList","@id":"https:\/\/uberluisgr.com\/#breadcrumb","itemListElement":[{"@type":"ListItem","position":1,"name":"Portada","item":"https:\/\/uberluisgr.com\/"},{"@type":"ListItem","position":2,"name":"Inicio"}]},{"@type":"WebSite","@id":"https:\/\/uberluisgr.com\/#website","url":"https:\/\/uberluisgr.com\/","name":"Uber Luis GR","description":"Viajes dentro y fuera de Madrid. Llama al 651 552 292","publisher":{"@id":"https:\/\/uberluisgr.com\/#organization"},"potentialAction":[{"@type":"SearchAction","target":{"@type":"EntryPoint","urlTemplate":"https:\/\/uberluisgr.com\/?s={search_term_string}"},"query-input":{"@type":"PropertyValueSpecification","valueRequired":true,"valueName":"search_term_string"}}],"inLanguage":"en-US"},{"@type":"Organization","@id":"https:\/\/uberluisgr.com\/#organization","name":"Uber Luis GR","url":"https:\/\/uberluisgr.com\/","logo":{"@type":"ImageObject","inLanguage":"en-US","@id":"https:\/\/uberluisgr.com\/#\/schema\/logo\/image\/","url":"https:\/\/uberluisgr.com\/wp-content\/uploads\/2025\/11\/cropped-luisguanotaxi202510_logo_web.png","contentUrl":"https:\/\/uberluisgr.com\/wp-content\/uploads\/2025\/11\/cropped-luisguanotaxi202510_logo_web.png","width":1080,"height":346,"caption":"Uber Luis GR"},"image":{"@id":"https:\/\/uberluisgr.com\/#\/schema\/logo\/image\/"}}]}},"_links":{"self":[{"href":"https:\/\/uberluisgr.com\/en\/wp-json\/wp\/v2\/pages\/12","targetHints":{"allow":["GET"]}}],"collection":[{"href":"https:\/\/uberluisgr.com\/en\/wp-json\/wp\/v2\/pages"}],"about":[{"href":"https:\/\/uberluisgr.com\/en\/wp-json\/wp\/v2\/types\/page"}],"author":[{"embeddable":true,"href":"https:\/\/uberluisgr.com\/en\/wp-json\/wp\/v2\/users\/1"}],"replies":[{"embeddable":true,"href":"https:\/\/uberluisgr.com\/en\/wp-json\/wp\/v2\/comments?post=12"}],"version-history":[{"count":37,"href":"https:\/\/uberluisgr.com\/en\/wp-json\/wp\/v2\/pages\/12\/revisions"}],"predecessor-version":[{"id":183,"href":"https:\/\/uberluisgr.com\/en\/wp-json\/wp\/v2\/pages\/12\/revisions\/183"}],"wp:attachment":[{"href":"https:\/\/uberluisgr.com\/en\/wp-json\/wp\/v2\/media?parent=12"}],"curies":[{"name":"wp","href":"https:\/\/api.w.org\/{rel}","templated":true}]}}